{"id":3586,"date":"2022-04-19T14:07:56","date_gmt":"2022-04-19T13:07:56","guid":{"rendered":"https:\/\/claroflex.com\/?page_id=3586"},"modified":"2024-08-30T10:09:34","modified_gmt":"2024-08-30T09:09:34","slug":"designers-and-architects","status":"publish","type":"page","link":"https:\/\/dev.claroflex.com\/es\/designers-and-architects\/","title":{"rendered":"designers and architects"},"content":{"rendered":"<div class=\"wpb-content-wrapper\"><div class=\"vc_row wpb_row vc_row-fluid vc_custom_1654603557272\"><div class=\"wpb_column vc_column_container vc_col-sm-12\"><div class=\"vc_column-inner\"><div class=\"wpb_wrapper\">\n\t<div class=\"wpb_text_column wpb_content_element  title_box\" >\n\t\t<div class=\"wpb_wrapper\">\n\t\t\t<p>INVITAMOS A LOS DISE\u00d1ADORES Y ARQUITECTOS A COOPERAR CON NOSOTROS<\/p>\n\n\t\t<\/div>\n\t<\/div>\n<\/div><\/div><\/div><\/div><div data-vc-full-width=\"true\" data-vc-full-width-init=\"false\" data-vc-stretch-content=\"true\" class=\"vc_row wpb_row vc_row-fluid vc_row-no-padding\"><div class=\"wpb_column vc_column_container vc_col-sm-12\"><div class=\"vc_column-inner\"><div class=\"wpb_wrapper\">\n\t<div class=\"wpb_raw_code wpb_content_element wpb_raw_html\" >\n\t\t<div class=\"wpb_wrapper\">\n\t\t\t<div data-unique-key=\"6b88af203a286740c7d81319824ea42a\" class=\"js-load-more\" data-start-page=\"1\" data-max-page=\"2\"\n    data-next-link=\"\">\n    <div class=\"row prague_blog prague_count_col1 prague_gap_col10  no-footer-content prague-load-wrapper\"\n        data-columns=\"prague_count_col1\" data-gap=\"prague_gap_col10\">\n        <div class=\"blog-post col-xs-12\">\n            <div class=\"prague-blog-list-wrapper\">\n                <div class=\"blog-list-img s-back-switch inverted-border-radius\"\n                    style=\"background-image: url('\/wp-content\/uploads\/2022\/11\/terms_and_conditions_-of_cooperation.webp');\">\n                    <img loading=\"lazy\" decoding=\"async\" width=\"849\" height=\"528\" src=\"\/wp-content\/uploads\/2022\/11\/terms_and_conditions_-of_cooperation.webp\"\n                        class=\"s-img-switch wp-post-image wp-post-image\" alt=\"ACCESORIOS PERSONALES\"\n                        srcset=\"\/wp-content\/uploads\/2022\/11\/terms_and_conditions_-of_cooperation.webp 849w, \/wp-content\/uploads\/2022\/11\/terms_and_conditions_-of_cooperation.webp 1024w, \/wp-content\/uploads\/2022\/11\/terms_and_conditions_-of_cooperation.webp 300w, \/wp-content\/uploads\/2022\/11\/terms_and_conditions_-of_cooperation.webp 768w, \/wp-content\/uploads\/2022\/11\/terms_and_conditions_-of_cooperation.webp 1536w, \/wp-content\/uploads\/2022\/11\/terms_and_conditions_-of_cooperation.webp 18w, \/wp-content\/uploads\/2022\/11\/terms_and_conditions_-of_cooperation.webp 600w, \/wp-content\/uploads\/2022\/11\/terms_and_conditions_-of_cooperation.webp 500w, \/wp-content\/uploads\/2022\/11\/terms_and_conditions_-of_cooperation.webp 2001w\"\n                        sizes=\"auto, (max-width: 849px) 100vw, 849px\" style=\"display: none;\">\n                <\/div>\n                <div class=\"blog-list-content\" style=\"margin-right: auto;\">\n                    <h3 class=\"blog-list-post-title\">T\u00c9RMINOS Y CONDICIONES<\/h3>\n                    <div class=\"blog-list-post-excerpt\">\n                        <p><\/p>\n                        <p>Condiciones de cooperaci\u00f3n mutuamente beneficiosas y acordadas con nuestro equipo comercial.<\/p>\n                        <p><\/p>\n                    <\/div>\n                    <!--<a href=\"\/\"\n                        class=\"blog-list-link a-btn-arrow-2\" target=\"_self\">\n                        <span class=\"arrow-right\"><\/span>\n                        COMMISSION AGREEMENT <\/a>-->\n                <\/div>\n            <\/div>\n        <\/div>\n        <div class=\"blog-post col-xs-12  column_paralax\">\n            <div class=\"prague-blog-list-wrapper\">\n                <div class=\"blog-list-img s-back-switch\"\n                    style=\"background-image: url('\/wp-content\/uploads\/2022\/11\/preparing_quotes_and_projects.webp');\">\n                    <img decoding=\"async\" width=\"462\" height=\"276\" src=\"\/wp-content\/uploads\/2022\/11\/preparing_quotes_and_projects.webp\" class=\"s-img-switch wp-post-image wp-post-image\" alt=\"\" loading=\"lazy\" srcset=\"\/wp-content\/uploads\/2022\/11\/preparing_quotes_and_projects.webp 462w, \/wp-content\/uploads\/2022\/11\/preparing_quotes_and_projects.webp 1024w, \/wp-content\/uploads\/2022\/11\/preparing_quotes_and_projects.webp 300w, \/wp-content\/uploads\/2022\/11\/preparing_quotes_and_projects.webp 768w, \/wp-content\/uploads\/2022\/11\/preparing_quotes_and_projects.webp 1536w, \/wp-content\/uploads\/2022\/11\/preparing_quotes_and_projects.webp 18w, \/wp-content\/uploads\/2022\/11\/preparing_quotes_and_projects.webp 600w, \/wp-content\/uploads\/2022\/11\/preparing_quotes_and_projects.webp 500w, \/wp-content\/uploads\/2022\/11\/preparing_quotes_and_projects.webp 2001w\" sizes=\"auto, (max-width: 462px) 100vw, 462px\" style=\"display: none;\">\n                <\/div>\n                <div class=\"blog-list-content\">\n                    <h3 class=\"blog-list-post-title\">PREPARACI\u00d3N DEL PRESUPUESTO Y DEL PROYECTO.<\/h3>\n                    <div class=\"blog-list-post-excerpt\">\n                        <p><\/p>\n                        <p>Ofrecemos apoyo t\u00e9cnico para todos los proyectos, asistencia en la elaboraci\u00f3n de los presupuestos con una optimizaci\u00f3n de los componentes del sistema, participaci\u00f3n en las negociaciones y proporcionamos documentaci\u00f3n t\u00e9cnica y manuales.<\/p>\n                        <p><\/p>\n                    <\/div>\n                <\/div>\n            <\/div>\n        <\/div>\n        <div class=\"blog-post col-xs-12\" style=\"overflow:initial;\">\n            <div class=\"prague-blog-list-wrapper\">\n                <div class=\"blog-list-img s-back-switch\"\n                    style=\"background-image: url('\/wp-content\/uploads\/2022\/11\/project_visualisation_3d.webp'); border-radius: 0 !important;\">\n                    <img decoding=\"async\" width=\"2000\" height=\"1328\" src=\"\/wp-content\/uploads\/2022\/11\/project_visualisation_3d.webp\" class=\"s-img-switch wp-post-image wp-post-image\" alt=\"\" loading=\"lazy\" srcset=\"\/wp-content\/uploads\/2022\/11\/project_visualisation_3d.webp 2000w, \/wp-content\/uploads\/2022\/11\/project_visualisation_3d.webp 1024w, \/wp-content\/uploads\/2022\/11\/project_visualisation_3d.webp 300w, \/wp-content\/uploads\/2022\/11\/project_visualisation_3d.webp 768w, \/wp-content\/uploads\/2022\/11\/project_visualisation_3d.webp 1536w, \/wp-content\/uploads\/2022\/11\/project_visualisation_3d.webp 18w, \/wp-content\/uploads\/2022\/11\/project_visualisation_3d.webp 600w, \/wp-content\/uploads\/2022\/11\/project_visualisation_3d.webp 500w, \/wp-content\/uploads\/2022\/11\/project_visualisation_3d.webp 2001w\" sizes=\"auto, (max-width: 2000px) 100vw, 2000px\" style=\"display: none;\">\n                <\/div>\n                <div class=\"blog-list-content\" style=\"padding-top: 0px; margin-right: auto;\">\n                    <h3 class=\"blog-list-post-title\">VISUALIZACI\u00d3N Y ANIMACI\u00d3N DE PROYECTOS<\/h3>\n                    <div class=\"blog-list-post-excerpt\">\n                        <p><\/p>\n                        <p>Suministro de planos de perfiles de aluminio, visualizaciones t\u00e9cnicas y animaciones para acordar con el cliente y crear el concepto global del proyecto de acristalamiento.<\/p>\n                        <p><\/p>\n                    <\/div>\n                    <a href=\"\/wp-content\/uploads\/2022\/11\/project_pre-visualisation.webp\" class=\"blog-list-link a-btn-arrow-2\"\n                        target=\"_blank\">\n                        <span class=\"arrow-right\"><\/span>\n                        EJEMPLO DE VISUALIZACI\u00d3N <\/a>\n                <\/div>\n            <\/div>\n        <\/div>\n        <div class=\"blog-post col-xs-12\" style=\"overflow:initial;\">\n            <div class=\"prague-blog-list-wrapper\">\n                <div class=\"blog-list-img s-back-switch\"\n                    style=\"background-image: url('\/wp-content\/uploads\/2022\/11\/catalogue_configurations.webp'); border-radius: 0 !important;\">\n                    <img decoding=\"async\" width=\"1920\" height=\"1070\" src=\"\/wp-content\/uploads\/2022\/11\/catalogue_configurations.webp\" class=\"s-img-switch wp-post-image wp-post-image\" alt=\"\" loading=\"lazy\" srcset=\"\/wp-content\/uploads\/2022\/11\/catalogue_configurations.webp 1920w, \/wp-content\/uploads\/2022\/11\/catalogue_configurations.webp 1024w, \/wp-content\/uploads\/2022\/11\/catalogue_configurations.webp 300w, \/wp-content\/uploads\/2022\/11\/catalogue_configurations.webp 768w, \/wp-content\/uploads\/2022\/11\/catalogue_configurations.webp 1536w, \/wp-content\/uploads\/2022\/11\/catalogue_configurations.webp 18w, \/wp-content\/uploads\/2022\/11\/catalogue_configurations.webp 500w, \/wp-content\/uploads\/2022\/11\/catalogue_configurations.webp 600w, \/wp-content\/uploads\/2022\/11\/catalogue_configurations.webp 2001w\" sizes=\"auto, (max-width: 1920px) 100vw, 1920px\" style=\"display: none;\">\n                <\/div>\n                <div class=\"blog-list-content\" style=\"padding-top: 0px;\">\n                    <h3 class=\"blog-list-post-title\"> INFORMACI\u00d3N SOBRE LOS PROYECTOS REALIZADOS <\/h3>\n                    <div class=\"blog-list-post-excerpt\">\n                        <p><\/p>\n                        <p>Se proporcionan fotos y v\u00eddeos de proyectos de acristalamiento similares realizados por nuestros distribuidores, as\u00ed como descripciones de las configuraciones y accesorios utilizados para dar una visi\u00f3n detallada de los componentes del sistema.<\/p>\n                        <p><\/p>\n                    <\/div>\n                    <a href=\"\/es\/documents\/en\/pivot\/general\/PIVOT_2024_CATALOGUE_EN.pdf\/\" class=\"blog-list-link a-btn-arrow-2\"\n                        target=\"_blank\" style=\"margin-right: 10px;\">\n                        <span class=\"arrow-right\"><\/span>\n                        CAT\u00c1LOGO PIVOT <\/a>\n                    <a href=\"\/es\/documents\/en\/slide\/general\/SLIDE_2024_CATALOGUE_EN.pdf\/\" class=\"blog-list-link a-btn-arrow-2\" style=\"margin-top: 0px; margin-bottom: 10px;\"\n                        target=\"_blank\">\n                        <span class=\"arrow-right\"><\/span>\n                        CAT\u00c1LOGO SLIDE <\/a>\n                <\/div>\n            <\/div>\n        <\/div>\n        <div class=\"blog-post col-xs-12  column_paralax my-margin1\">\n            <div class=\"prague-blog-list-wrapper\">\n                <div class=\"blog-list-img s-back-switch inverted-border-radius\"\n                    style=\"background-image: url('\/wp-content\/uploads\/2022\/11\/project_realisation.webp');\">\n                    <img decoding=\"async\" width=\"2000\" height=\"1373\" src=\"\/wp-content\/uploads\/2022\/11\/project_realisation.webp\" class=\"s-img-switch wp-post-image wp-post-image\" alt=\"\" loading=\"lazy\" srcset=\"\/wp-content\/uploads\/2022\/11\/project_realisation.webp 2000w, \/wp-content\/uploads\/2022\/11\/project_realisation.webp 1024w, \/wp-content\/uploads\/2022\/11\/project_realisation.webp 300w, \/wp-content\/uploads\/2022\/11\/project_realisation.webp 768w, \/wp-content\/uploads\/2022\/11\/project_realisation.webp 1536w, \/wp-content\/uploads\/2022\/11\/project_realisation.webp 18w, \/wp-content\/uploads\/2022\/11\/project_realisation.webp 600w, \/wp-content\/uploads\/2022\/11\/project_realisation.webp 500w, \/wp-content\/uploads\/2022\/11\/project_realisation.webp 2001w\" sizes=\"auto, (max-width: 2000px) 100vw, 2000px\" style=\"display: none;\">\n                    <\/div>\n                <div class=\"blog-list-content\" style=\"margin-right: auto;\">\n                    <h3 class=\"blog-list-post-title\"> ACOMPA\u00d1AMIENTO EN LA FASE DE REALIZACI\u00d3N DEL PROYECTO <\/h3>\n                    <div class=\"blog-list-post-excerpt\">\n                        <p><\/p>\n                        <p> Coordinaci\u00f3n con los fabricantes del sistema, seguimiento de la ejecuci\u00f3n del proyecto de acuerdo con las directrices t\u00e9cnicas de CLAROFLEX\u00ae y acompa\u00f1amiento del servicio de garant\u00eda y post-garant\u00eda. <\/p>\n                        <p><\/p>\n                    <\/div>\n                <\/div>\n            <\/div>\n        <\/div>\n        <div class=\"blog-post col-xs-12  column_paralax\">\n            <div class=\"prague-blog-list-wrapper\">\n                <div class=\"blog-list-img s-back-switch\"\n                    style=\"background-image: url('\/wp-content\/uploads\/2022\/11\/photographs_of_the_projects.webp');\">\n                    <img decoding=\"async\" width=\"2000\" height=\"1333\" src=\"\/wp-content\/uploads\/2022\/11\/photographs_of_the_projects.webp\" class=\"s-img-switch wp-post-image wp-post-image\" alt=\"\" loading=\"lazy\" srcset=\"\/wp-content\/uploads\/2022\/11\/photographs_of_the_projects.webp 2000w, \/wp-content\/uploads\/2022\/11\/photographs_of_the_projects.webp 1024w, \/wp-content\/uploads\/2022\/11\/photographs_of_the_projects.webp 300w, \/wp-content\/uploads\/2022\/11\/photographs_of_the_projects.webp 768w, \/wp-content\/uploads\/2022\/11\/photographs_of_the_projects.webp 1536w, \/wp-content\/uploads\/2022\/11\/photographs_of_the_projects.webp 18w, \/wp-content\/uploads\/2022\/11\/photographs_of_the_projects.webp 600w, \/wp-content\/uploads\/2022\/11\/photographs_of_the_projects.webp 500w, \/wp-content\/uploads\/2022\/11\/photographs_of_the_projects.webp 2001w\" sizes=\"auto, (max-width: 2000px) 100vw, 2000px\" style=\"display: none;\">\n                <\/div>\n                <div class=\"blog-list-content\">\n                    <h3 class=\"blog-list-post-title\">SESIONES FOTOGR\u00c1FICAS Y DE V\u00cdDEO DE PROYECTOS EN COLABORACI\u00d3N<\/h3>\n                    <div class=\"blog-list-post-excerpt\">\n                        <p><\/p>\n                        <p> Realizaci\u00f3n de sesiones fotogr\u00e1ficas profesionales de los proyectos realizados, con su posterior colocaci\u00f3n en cat\u00e1logos de empresa, en revistas y en internet, indicando el autor del proyecto. <\/p>\n                        <p><\/p>\n                    <\/div>\n                    <!--<a href=\"\/\"\n                        class=\"blog-list-link a-btn-arrow-2\" target=\"_self\">\n                        <span class=\"arrow-right\"><\/span>\n                        MAILCHIMP <\/a>-->\n                <\/div>\n            <\/div>\n        <\/div>\n    <\/div>\n<\/div>\n\n\t\t<\/div>\n\t<\/div>\n<\/div><\/div><\/div><\/div><div class=\"vc_row-full-width vc_clearfix\"><\/div><div class=\"vc_row wpb_row vc_row-fluid\"><div class=\"wpb_column vc_column_container vc_col-sm-2\"><div class=\"vc_column-inner\"><div class=\"wpb_wrapper\"><\/div><\/div><\/div><div class=\"wpb_column vc_column_container vc_col-sm-8\"><div class=\"vc_column-inner\"><div class=\"wpb_wrapper\">\n\t<div class=\"wpb_text_column wpb_content_element  vc_custom_1706860980108\" >\n\t\t<div class=\"wpb_wrapper\">\n\t\t\t<h3 style=\"text-align: center;\">P\u00d3NGASE EN CONTACTO CON NOSOTROS<\/h3>\n\n\t\t<\/div>\n\t<\/div>\n[vc_formidable form=&#8221;3&#8243; el_class=&#8221;form-contacto&#8221;]<div class=\"vc_empty_space\"   style=\"height: 2em\"><span class=\"vc_empty_space_inner\"><\/span><\/div><\/div><\/div><\/div><div class=\"wpb_column vc_column_container vc_col-sm-2\"><div class=\"vc_column-inner\"><div class=\"wpb_wrapper\"><\/div><\/div><\/div><\/div>\n<\/div>","protected":false},"excerpt":{"rendered":"WE INVITE DESIGNERS AND ARCHITECTS TO COOPERATE WITH US TERMS AND CONDITIONS OF COOPERATION Our cooperation terms are mutually beneficial,","protected":false},"author":1,"featured_media":0,"parent":0,"menu_order":0,"comment_status":"closed","ping_status":"closed","template":"","meta":{"footnotes":""},"class_list":["post-3586","page","type-page","status-publish","hentry"],"featured_image_src":"","featured_image_src_square":"","_links":{"self":[{"href":"https:\/\/dev.claroflex.com\/es\/wp-json\/wp\/v2\/pages\/3586","targetHints":{"allow":["GET"]}}],"collection":[{"href":"https:\/\/dev.claroflex.com\/es\/wp-json\/wp\/v2\/pages"}],"about":[{"href":"https:\/\/dev.claroflex.com\/es\/wp-json\/wp\/v2\/types\/page"}],"author":[{"embeddable":true,"href":"https:\/\/dev.claroflex.com\/es\/wp-json\/wp\/v2\/users\/1"}],"replies":[{"embeddable":true,"href":"https:\/\/dev.claroflex.com\/es\/wp-json\/wp\/v2\/comments?post=3586"}],"version-history":[{"count":107,"href":"https:\/\/dev.claroflex.com\/es\/wp-json\/wp\/v2\/pages\/3586\/revisions"}],"predecessor-version":[{"id":7628,"href":"https:\/\/dev.claroflex.com\/es\/wp-json\/wp\/v2\/pages\/3586\/revisions\/7628"}],"wp:attachment":[{"href":"https:\/\/dev.claroflex.com\/es\/wp-json\/wp\/v2\/media?parent=3586"}],"curies":[{"name":"wp","href":"https:\/\/api.w.org\/{rel}","templated":true}]}}