{"id":3751,"date":"2022-04-21T11:32:01","date_gmt":"2022-04-21T10:32:01","guid":{"rendered":"https:\/\/claroflex.com\/?page_id=3751"},"modified":"2024-08-30T10:10:50","modified_gmt":"2024-08-30T09:10:50","slug":"construction-and-contractor-organizations","status":"publish","type":"page","link":"https:\/\/dev.claroflex.com\/es\/construction-and-contractor-organizations\/","title":{"rendered":"CONSTRUCTION AND CONTRACTOR ORGANIZATIONS"},"content":{"rendered":"<div class=\"wpb-content-wrapper\"><div class=\"vc_row wpb_row vc_row-fluid vc_custom_1654610618238\"><div class=\"wpb_column vc_column_container vc_col-sm-12\"><div class=\"vc_column-inner\"><div class=\"wpb_wrapper\">\n\t<div class=\"wpb_text_column wpb_content_element  title_box\" >\n\t\t<div class=\"wpb_wrapper\">\n\t\t\t<p>INVITAMOS A LAS EMPRESAS DE CONSTRUCCI\u00d3N Y A LOS CONTRATISTAS A COOPERAR CON NOSOTROS<\/p>\n\n\t\t<\/div>\n\t<\/div>\n<\/div><\/div><\/div><\/div><div data-vc-full-width=\"true\" data-vc-full-width-init=\"false\" data-vc-stretch-content=\"true\" class=\"vc_row wpb_row vc_row-fluid vc_row-no-padding\"><div class=\"wpb_column vc_column_container vc_col-sm-12\"><div class=\"vc_column-inner\"><div class=\"wpb_wrapper\">\n\t<div class=\"wpb_raw_code wpb_content_element wpb_raw_html\" >\n\t\t<div class=\"wpb_wrapper\">\n\t\t\t<div data-unique-key=\"6b88af203a286740c7d81319824ea42a\" class=\"js-load-more\" data-start-page=\"1\" data-max-page=\"2\"\n    data-next-link=\"\">\n    <div class=\"row prague_blog prague_count_col1 prague_gap_col10  no-footer-content prague-load-wrapper\"\n        data-columns=\"prague_count_col1\" data-gap=\"prague_gap_col10\">\n        <div class=\"blog-post col-xs-12\">\n            <div class=\"prague-blog-list-wrapper\">\n                <div class=\"blog-list-img s-back-switch inverted-border-radius\"\n                    style=\"background-image: url('\/wp-content\/uploads\/2022\/10\/cooperation_terms_mutually_beneficial.webp');\">\n                    <img loading=\"lazy\" decoding=\"async\" width=\"849\" height=\"528\" src=\"\/wp-content\/uploads\/2022\/10\/cooperation_terms_mutually_beneficial.webp\"\n                        class=\"s-img-switch wp-post-image wp-post-image\" alt=\"CLAROFLEX\"\n                        srcset=\"\/wp-content\/uploads\/2022\/10\/cooperation_terms_mutually_beneficial.webp 849w, \/wp-content\/uploads\/2022\/10\/cooperation_terms_mutually_beneficial.webp 1024w, \/wp-content\/uploads\/2022\/10\/cooperation_terms_mutually_beneficial.webp 300w, \/wp-content\/uploads\/2022\/10\/cooperation_terms_mutually_beneficial.webp 768w, \/wp-content\/uploads\/2022\/10\/cooperation_terms_mutually_beneficial.webp 1536w, \/wp-content\/uploads\/2022\/10\/cooperation_terms_mutually_beneficial.webp 18w, \/wp-content\/uploads\/2022\/10\/cooperation_terms_mutually_beneficial.webp 600w, \/wp-content\/uploads\/2022\/10\/cooperation_terms_mutually_beneficial.webp 500w, \/wp-content\/uploads\/2022\/10\/cooperation_terms_mutually_beneficial.webp 2001w\"\n                        sizes=\"auto, (max-width: 849px) 100vw, 849px\" style=\"display: none;\">\n                <\/div>\n                <div class=\"blog-list-content\" style=\"margin-right: auto;\">\n                    <h3 class=\"blog-list-post-title\">CONDICIONES DE COLABORACI\u00d3N<\/h3>\n                    <div class=\"blog-list-post-excerpt\">\n                        <p><\/p>\n                        <p>Condiciones de cooperaci\u00f3n mutuamente beneficiosas y acordadas con nuestro equipo comercial.<\/p>\n                        <p><\/p>\n                    <\/div>\n                    <!--<a href=\"\/\"\n                        class=\"blog-list-link a-btn-arrow-2\" target=\"_self\">\n                        <span class=\"arrow-right\"><\/span>\n                        COMMISSION AGREEMENT <\/a>-->\n                    <!--<a href=\"\/\"\n                        class=\"blog-list-link a-btn-arrow-2 margin-top-0\" target=\"_self\">\n                        <span class=\"arrow-right\"><\/span>\n                        COOPERATION PROPOSAL<\/a>-->\n                <\/div>\n            <\/div>\n        <\/div>\n        <div class=\"blog-post col-xs-12  column_paralax\">\n            <div class=\"prague-blog-list-wrapper\">\n                <div class=\"blog-list-img s-back-switch\"\n                    style=\"background-image: url('\/wp-content\/uploads\/2022\/10\/technical_support_quotes_projects.webp');\">\n                    <img decoding=\"async\" width=\"462\" height=\"276\" src=\"\/wp-content\/uploads\/2022\/10\/technical_support_quotes_projects.webp\" class=\"s-img-switch wp-post-image wp-post-image\" alt=\"\" loading=\"lazy\" srcset=\"\/wp-content\/uploads\/2022\/10\/technical_support_quotes_projects.webp 462w, \/wp-content\/uploads\/2022\/10\/technical_support_quotes_projects.webp 1024w, \/wp-content\/uploads\/2022\/10\/technical_support_quotes_projects.webp 300w, \/wp-content\/uploads\/2022\/10\/technical_support_quotes_projects.webp 768w, \/wp-content\/uploads\/2022\/10\/technical_support_quotes_projects.webp 1536w, \/wp-content\/uploads\/2022\/10\/technical_support_quotes_projects.webp 18w, \/wp-content\/uploads\/2022\/10\/technical_support_quotes_projects.webp 600w, \/wp-content\/uploads\/2022\/10\/technical_support_quotes_projects.webp 500w, \/wp-content\/uploads\/2022\/10\/technical_support_quotes_projects.webp 2001w\" sizes=\"auto, (max-width: 462px) 100vw, 462px\" style=\"display: none;\">\n                <\/div>\n                <div class=\"blog-list-content\">\n                    <h3 class=\"blog-list-post-title\">PREPARACI\u00d3N DEL PRESUPUESTO Y DEL PROYECTO.<\/h3>\n                    <div class=\"blog-list-post-excerpt\">\n                        <p><\/p>\n                        <p>Ofrecemos apoyo t\u00e9cnico para todos los proyectos, asistencia en la elaboraci\u00f3n de los presupuestos con una optimizaci\u00f3n de los componentes del sistema, participaci\u00f3n en las negociaciones y proporcionamos documentaci\u00f3n t\u00e9cnica y manuales.<\/p>\n                        <p><\/p>\n                    <\/div>\n                    <a href=\"\/es\/documents\/en\/pivot\/general\/PIVOT_2024_CATALOGUE_EN.pdf\/\"\n                        class=\"blog-list-link a-btn-arrow-2\" target=\"_blank\">\n                        <span class=\"arrow-right\"><\/span>\n                        CAT\u00c1LOGO PIVOT <\/a>\n                    <a href=\"\/es\/documents\/en\/slide\/general\/SLIDE_2024_CATALOGUE_EN.pdf\/\"\n                        class=\"blog-list-link a-btn-arrow-2 margin-top-0\" target=\"_blank\">\n                        <span class=\"arrow-right\"><\/span>\n                        CAT\u00c1LOGO SLIDE <\/a>\n                <\/div>\n            <\/div>\n        <\/div>\n        <div class=\"blog-post col-xs-12\">\n            <div class=\"prague-blog-list-wrapper\">\n                <div class=\"blog-list-img s-back-switch inverted-border-radius\"\n                    style=\"background-image: url('\/wp-content\/uploads\/2022\/10\/project_visualisation_animation_services.webp');\">\n                    <img decoding=\"async\" width=\"2000\" height=\"1328\" src=\"\/wp-content\/uploads\/2022\/10\/project_visualisation_animation_services.webp\" class=\"s-img-switch wp-post-image wp-post-image\" alt=\"\" loading=\"lazy\" srcset=\"\/wp-content\/uploads\/2022\/10\/project_visualisation_animation_services.webp 2000w, \/wp-content\/uploads\/2022\/10\/project_visualisation_animation_services.webp 1024w, \/wp-content\/uploads\/2022\/10\/project_visualisation_animation_services.webp 300w, \/wp-content\/uploads\/2022\/10\/project_visualisation_animation_services.webp 768w, \/wp-content\/uploads\/2022\/10\/project_visualisation_animation_services.webp 1536w, \/wp-content\/uploads\/2022\/10\/project_visualisation_animation_services.webp 18w, \/wp-content\/uploads\/2022\/10\/project_visualisation_animation_services.webp 600w, \/wp-content\/uploads\/2022\/10\/project_visualisation_animation_services.webp 500w, \/wp-content\/uploads\/2022\/10\/project_visualisation_animation_services.webp 2001w\" sizes=\"auto, (max-width: 2000px) 100vw, 2000px\" style=\"display: none;\">\n                <\/div>\n                <div class=\"blog-list-content\" style=\"margin-right: auto;\">\n                    <h3 class=\"blog-list-post-title\">VISUALIZACI\u00d3N Y ANIMACI\u00d3N DE PROYECTOS<\/h3>\n                    <div class=\"blog-list-post-excerpt\">\n                        <p><\/p>\n                        <p>Suministro de planos de perfiles de aluminio, visualizaciones t\u00e9cnicas y animaciones para acordar con el cliente y crear el concepto global del proyecto de acristalamiento.<\/p>\n                        <p><\/p>\n                    <\/div>\n                    <a href=\"\/wp-content\/uploads\/2022\/11\/project_pre-visualisation.webp\" class=\"blog-list-link a-btn-arrow-2\"\n                        target=\"_blank\">\n                        <span class=\"arrow-right\"><\/span>\n                        EJEMPLO DE VISUALIZACI\u00d3N<\/a>\n                <\/div>\n            <\/div>\n        <\/div>\n        <div class=\"blog-post col-xs-12\">\n            <div class=\"prague-blog-list-wrapper\">\n                <div class=\"blog-list-img s-back-switch\"\n                    style=\"background-image: url('\/wp-content\/uploads\/2022\/10\/completed_projects.webp');\">\n                    <img decoding=\"async\" width=\"1920\" height=\"1070\" src=\"\/wp-content\/uploads\/2022\/10\/completed_projects.webp\" class=\"s-img-switch wp-post-image wp-post-image\" alt=\"\" loading=\"lazy\" srcset=\"\/wp-content\/uploads\/2022\/10\/completed_projects.webp 1920w, \/wp-content\/uploads\/2022\/10\/completed_projects.webp 1024w, \/wp-content\/uploads\/2022\/10\/completed_projects.webp 300w, \/wp-content\/uploads\/2022\/10\/completed_projects.webp 768w, \/wp-content\/uploads\/2022\/10\/completed_projects.webp 1536w, \/wp-content\/uploads\/2022\/10\/completed_projects.webp 18w, \/wp-content\/uploads\/2022\/10\/completed_projects.webp 600w, \/wp-content\/uploads\/2022\/10\/completed_projects.webp 500w, \/wp-content\/uploads\/2022\/10\/completed_projects.webp 2001w\" sizes=\"auto, (max-width: 1920px) 100vw, 1920px\" style=\"display: none;\">\n                <\/div>\n                <div class=\"blog-list-content\">\n                    <h3 class=\"blog-list-post-title\"> INFORMACI\u00d3N SOBRE LOS PROYECTOS REALIZADOS <\/h3>\n                    <div class=\"blog-list-post-excerpt\">\n                        <p><\/p>\n                        <p>Se proporcionan fotos y v\u00eddeos de proyectos de acristalamiento similares realizados por nuestros distribuidores, as\u00ed como descripciones de las configuraciones y accesorios utilizados para dar una visi\u00f3n detallada de los componentes del sistema.<\/p>\n                        <p><\/p>\n                    <\/div>\n                    <a href=\"\/es\/documents\/en\/pivot\/general\/PIVOT_2024_CATALOGUE_EN.pdf\/\" class=\"blog-list-link a-btn-arrow-2\"\n                        target=\"_blank\">\n                        <span class=\"arrow-right\"><\/span>\n                        CAT\u00c1LOGO PIVOT <\/a>\n                    <a href=\"\/es\/documents\/en\/slide\/general\/SLIDE_2024_CATALOGUE_EN.pdf\/\" class=\"blog-list-link a-btn-arrow-2\" style=\"margin-top: 0px; margin-bottom: 10px;\"\n                        target=\"_blank\">\n                        <span class=\"arrow-right\"><\/span>\n                        CAT\u00c1LOGO SLIDE <\/a>\n                <\/div>\n            <\/div>\n        <\/div>\n        <div class=\"blog-post col-xs-12  column_paralax\">\n            <div class=\"prague-blog-list-wrapper\">\n                <div class=\"blog-list-img s-back-switch inverted-border-radius\"\n                    style=\"background-image: url('\/wp-content\/uploads\/2022\/10\/claroflex_office_workers.webp');\">\n                    <img decoding=\"async\" width=\"2000\" height=\"1373\" src=\"\/wp-content\/uploads\/2022\/10\/claroflex_office_workers.webp\" class=\"s-img-switch wp-post-image wp-post-image\" alt=\"\" loading=\"lazy\" srcset=\"\/wp-content\/uploads\/2022\/10\/claroflex_office_workers.webp 2000w, \/wp-content\/uploads\/2022\/10\/claroflex_office_workers.webp 1024w, \/wp-content\/uploads\/2022\/10\/claroflex_office_workers.webp 300w, \/wp-content\/uploads\/2022\/10\/claroflex_office_workers.webp 768w, \/wp-content\/uploads\/2022\/10\/claroflex_office_workers.webp 1536w, \/wp-content\/uploads\/2022\/10\/claroflex_office_workers.webp 18w, \/wp-content\/uploads\/2022\/10\/claroflex_office_workers.webp 600w, \/wp-content\/uploads\/2022\/10\/claroflex_office_workers.webp 500w, \/wp-content\/uploads\/2022\/10\/claroflex_office_workers.webp 2001w\" sizes=\"auto, (max-width: 2000px) 100vw, 2000px\" style=\"display: none;\">\n                    <\/div>\n                <div class=\"blog-list-content\" style=\"margin-right: auto;\">\n                    <h3 class=\"blog-list-post-title\"> ACOMPA\u00d1AMIENTO EN LA FASE DE REALIZACI\u00d3N DEL PROYECTO <\/h3>\n                    <div class=\"blog-list-post-excerpt\">\n                        <p><\/p>\n                        <p>Coordinaci\u00f3n con los fabricantes del sistema, seguimiento de la ejecuci\u00f3n del proyecto de acuerdo con las directrices t\u00e9cnicas de CLAROFLEX\u00ae y acompa\u00f1amiento del servicio de garant\u00eda y post-garant\u00eda. <\/p>\n                        <p><\/p>\n                    <\/div>\n                <\/div>\n            <\/div>\n        <\/div>\n    <\/div>\n<\/div>\n\t\t<\/div>\n\t<\/div>\n<\/div><\/div><\/div><\/div><div class=\"vc_row-full-width vc_clearfix\"><\/div><div class=\"vc_row wpb_row vc_row-fluid\"><div class=\"wpb_column vc_column_container vc_col-sm-12\"><div class=\"vc_column-inner\"><div class=\"wpb_wrapper\">\n\t<div class=\"wpb_text_column wpb_content_element\" >\n\t\t<div class=\"wpb_wrapper\">\n\t\t\t<h3 style=\"text-align: center; padding-top: 3em;\">P\u00d3NGASE EN CONTACTO CON NOSOTROS<\/h3>\n\n\t\t<\/div>\n\t<\/div>\n[vc_formidable form=&#8221;3&#8243; el_class=&#8221;form-contacto&#8221;]<div class=\"vc_empty_space\"   style=\"height: 2em\"><span class=\"vc_empty_space_inner\"><\/span><\/div><\/div><\/div><\/div><\/div>\n<\/div>","protected":false},"excerpt":{"rendered":"WE INVITE CONSTRUCTION COMPANIES AND CONTRACTORS TO WORK WITH US. TERMS AND CONDITIONS Our cooperation terms are mutually beneficial, agreed","protected":false},"author":1,"featured_media":0,"parent":0,"menu_order":0,"comment_status":"closed","ping_status":"closed","template":"","meta":{"footnotes":""},"class_list":["post-3751","page","type-page","status-publish","hentry"],"featured_image_src":"","featured_image_src_square":"","_links":{"self":[{"href":"https:\/\/dev.claroflex.com\/es\/wp-json\/wp\/v2\/pages\/3751","targetHints":{"allow":["GET"]}}],"collection":[{"href":"https:\/\/dev.claroflex.com\/es\/wp-json\/wp\/v2\/pages"}],"about":[{"href":"https:\/\/dev.claroflex.com\/es\/wp-json\/wp\/v2\/types\/page"}],"author":[{"embeddable":true,"href":"https:\/\/dev.claroflex.com\/es\/wp-json\/wp\/v2\/users\/1"}],"replies":[{"embeddable":true,"href":"https:\/\/dev.claroflex.com\/es\/wp-json\/wp\/v2\/comments?post=3751"}],"version-history":[{"count":62,"href":"https:\/\/dev.claroflex.com\/es\/wp-json\/wp\/v2\/pages\/3751\/revisions"}],"predecessor-version":[{"id":7629,"href":"https:\/\/dev.claroflex.com\/es\/wp-json\/wp\/v2\/pages\/3751\/revisions\/7629"}],"wp:attachment":[{"href":"https:\/\/dev.claroflex.com\/es\/wp-json\/wp\/v2\/media?parent=3751"}],"curies":[{"name":"wp","href":"https:\/\/api.w.org\/{rel}","templated":true}]}}