{"id":3586,"date":"2022-04-19T14:07:56","date_gmt":"2022-04-19T13:07:56","guid":{"rendered":"https:\/\/claroflex.com\/?page_id=3586"},"modified":"2024-08-30T10:09:34","modified_gmt":"2024-08-30T09:09:34","slug":"designers-and-architects","status":"publish","type":"page","link":"https:\/\/dev.claroflex.com\/fr\/designers-and-architects\/","title":{"rendered":"designers and architects"},"content":{"rendered":"<div class=\"wpb-content-wrapper\"><div class=\"vc_row wpb_row vc_row-fluid vc_custom_1654603557272\"><div class=\"wpb_column vc_column_container vc_col-sm-12\"><div class=\"vc_column-inner\"><div class=\"wpb_wrapper\">\n\t<div class=\"wpb_text_column wpb_content_element  title_box\" >\n\t\t<div class=\"wpb_wrapper\">\n\t\t\t<p>NOUS INVITONS LES ENTREPRISES DE CONSTRUCTION ET LES PRESTATAIRES \u00c0 COOP\u00c9RER AVEC NOUS.<\/p>\n\n\t\t<\/div>\n\t<\/div>\n<\/div><\/div><\/div><\/div><div data-vc-full-width=\"true\" data-vc-full-width-init=\"false\" data-vc-stretch-content=\"true\" class=\"vc_row wpb_row vc_row-fluid vc_row-no-padding\"><div class=\"wpb_column vc_column_container vc_col-sm-12\"><div class=\"vc_column-inner\"><div class=\"wpb_wrapper\">\n\t<div class=\"wpb_raw_code wpb_content_element wpb_raw_html\" >\n\t\t<div class=\"wpb_wrapper\">\n\t\t\t<div data-unique-key=\"6b88af203a286740c7d81319824ea42a\" class=\"js-load-more\" data-start-page=\"1\" data-max-page=\"2\"\n    data-next-link=\"\">\n    <div class=\"row prague_blog prague_count_col1 prague_gap_col10  no-footer-content prague-load-wrapper\"\n        data-columns=\"prague_count_col1\" data-gap=\"prague_gap_col10\">\n        <div class=\"blog-post col-xs-12\">\n            <div class=\"prague-blog-list-wrapper\">\n                <div class=\"blog-list-img s-back-switch inverted-border-radius\"\n                    style=\"background-image: url('\/wp-content\/uploads\/2022\/11\/terms_and_conditions_-of_cooperation.webp');\">\n                    <img loading=\"lazy\" decoding=\"async\" width=\"849\" height=\"528\" src=\"\/wp-content\/uploads\/2022\/11\/terms_and_conditions_-of_cooperation.webp\"\n                        class=\"s-img-switch wp-post-image wp-post-image\" alt=\"ACCESORIOS PERSONALES\"\n                        srcset=\"\/wp-content\/uploads\/2022\/11\/terms_and_conditions_-of_cooperation.webp 849w, \/wp-content\/uploads\/2022\/11\/terms_and_conditions_-of_cooperation.webp 1024w, \/wp-content\/uploads\/2022\/11\/terms_and_conditions_-of_cooperation.webp 300w, \/wp-content\/uploads\/2022\/11\/terms_and_conditions_-of_cooperation.webp 768w, \/wp-content\/uploads\/2022\/11\/terms_and_conditions_-of_cooperation.webp 1536w, \/wp-content\/uploads\/2022\/11\/terms_and_conditions_-of_cooperation.webp 18w, \/wp-content\/uploads\/2022\/11\/terms_and_conditions_-of_cooperation.webp 600w, \/wp-content\/uploads\/2022\/11\/terms_and_conditions_-of_cooperation.webp 500w, \/wp-content\/uploads\/2022\/11\/terms_and_conditions_-of_cooperation.webp 2001w\"\n                        sizes=\"auto, (max-width: 849px) 100vw, 849px\" style=\"display: none;\">\n                <\/div>\n                <div class=\"blog-list-content\" style=\"margin-right: auto;\">\n                    <h3 class=\"blog-list-post-title\">TERMES ET CONDITIONS DE COOP\u00c9RATION<\/h3>\n                    <div class=\"blog-list-post-excerpt\">\n                        <p><\/p>\n                        <p>Conditions de coop\u00e9ration mutuellement b\u00e9n\u00e9fiques bas\u00e9es sur un accord avec notre \u00e9quipe commerciale.<\/p>\n                        <p><\/p>\n                    <\/div>\n                    <!--<a href=\"\/\"\n                        class=\"blog-list-link a-btn-arrow-2\" target=\"_self\">\n                        <span class=\"arrow-right\"><\/span>\n                        COMMISSION AGREEMENT <\/a>-->\n                <\/div>\n            <\/div>\n        <\/div>\n        <div class=\"blog-post col-xs-12  column_paralax\">\n            <div class=\"prague-blog-list-wrapper\">\n                <div class=\"blog-list-img s-back-switch\"\n                    style=\"background-image: url('\/wp-content\/uploads\/2022\/11\/preparing_quotes_and_projects.webp');\">\n                    <img decoding=\"async\" width=\"462\" height=\"276\" src=\"\/wp-content\/uploads\/2022\/11\/preparing_quotes_and_projects.webp\" class=\"s-img-switch wp-post-image wp-post-image\" alt=\"\" loading=\"lazy\" srcset=\"\/wp-content\/uploads\/2022\/11\/preparing_quotes_and_projects.webp 462w, \/wp-content\/uploads\/2022\/11\/preparing_quotes_and_projects.webp 1024w, \/wp-content\/uploads\/2022\/11\/preparing_quotes_and_projects.webp 300w, \/wp-content\/uploads\/2022\/11\/preparing_quotes_and_projects.webp 768w, \/wp-content\/uploads\/2022\/11\/preparing_quotes_and_projects.webp 1536w, \/wp-content\/uploads\/2022\/11\/preparing_quotes_and_projects.webp 18w, \/wp-content\/uploads\/2022\/11\/preparing_quotes_and_projects.webp 600w, \/wp-content\/uploads\/2022\/11\/preparing_quotes_and_projects.webp 500w, \/wp-content\/uploads\/2022\/11\/preparing_quotes_and_projects.webp 2001w\" sizes=\"auto, (max-width: 462px) 100vw, 462px\" style=\"display: none;\">\n                <\/div>\n                <div class=\"blog-list-content\">\n                    <h3 class=\"blog-list-post-title\">PR\u00c9PARATION DU DEVIS ET DU PROJET<\/h3>\n                    <div class=\"blog-list-post-excerpt\">\n                        <p><\/p>\n                        <p>Soutien technique des projets, aide \u00e0 la pr\u00e9paration des devis avec optimisaiton des composants du syst\u00e8me, participation aux n\u00e9gociations et fourniture de la documentation technique n\u00e9cessaire.<\/p>\n                        <p><\/p>\n                    <\/div>\n                <\/div>\n            <\/div>\n        <\/div>\n        <div class=\"blog-post col-xs-12\" style=\"overflow:initial;\">\n            <div class=\"prague-blog-list-wrapper\">\n                <div class=\"blog-list-img s-back-switch\"\n                    style=\"background-image: url('\/wp-content\/uploads\/2022\/11\/project_visualisation_3d.webp'); border-radius: 0 !important;\">\n                    <img decoding=\"async\" width=\"2000\" height=\"1328\" src=\"\/wp-content\/uploads\/2022\/11\/project_visualisation_3d.webp\" class=\"s-img-switch wp-post-image wp-post-image\" alt=\"\" loading=\"lazy\" srcset=\"\/wp-content\/uploads\/2022\/11\/project_visualisation_3d.webp 2000w, \/wp-content\/uploads\/2022\/11\/project_visualisation_3d.webp 1024w, \/wp-content\/uploads\/2022\/11\/project_visualisation_3d.webp 300w, \/wp-content\/uploads\/2022\/11\/project_visualisation_3d.webp 768w, \/wp-content\/uploads\/2022\/11\/project_visualisation_3d.webp 1536w, \/wp-content\/uploads\/2022\/11\/project_visualisation_3d.webp 18w, \/wp-content\/uploads\/2022\/11\/project_visualisation_3d.webp 600w, \/wp-content\/uploads\/2022\/11\/project_visualisation_3d.webp 500w, \/wp-content\/uploads\/2022\/11\/project_visualisation_3d.webp 2001w\" sizes=\"auto, (max-width: 2000px) 100vw, 2000px\" style=\"display: none;\">\n                <\/div>\n                <div class=\"blog-list-content\" style=\"padding-top: 0px; margin-right: auto;\">\n                    <h3 class=\"blog-list-post-title\">VISUALISATION ET ANIMATION DE PROJETS<\/h3>\n                    <div class=\"blog-list-post-excerpt\">\n                        <p><\/p>\n                        <p>Fourniture de dessins de profil\u00e9s en aluminium, de visualisations techniques et d'animations pour convenir avec le client et cr\u00e9er le concept g\u00e9n\u00e9ral du projet de vitrage.<\/p>\n                        <p><\/p>\n                    <\/div>\n                    <a href=\"\/wp-content\/uploads\/2022\/11\/project_pre-visualisation.webp\" class=\"blog-list-link a-btn-arrow-2\"\n                        target=\"_blank\">\n                        <span class=\"arrow-right\"><\/span>\n                        EXEMPLE DE VISUALISATION <\/a>\n                <\/div>\n            <\/div>\n        <\/div>\n        <div class=\"blog-post col-xs-12\" style=\"overflow:initial;\">\n            <div class=\"prague-blog-list-wrapper\">\n                <div class=\"blog-list-img s-back-switch\"\n                    style=\"background-image: url('\/wp-content\/uploads\/2022\/11\/catalogue_configurations.webp'); border-radius: 0 !important;\">\n                    <img decoding=\"async\" width=\"1920\" height=\"1070\" src=\"\/wp-content\/uploads\/2022\/11\/catalogue_configurations.webp\" class=\"s-img-switch wp-post-image wp-post-image\" alt=\"\" loading=\"lazy\" srcset=\"\/wp-content\/uploads\/2022\/11\/catalogue_configurations.webp 1920w, \/wp-content\/uploads\/2022\/11\/catalogue_configurations.webp 1024w, \/wp-content\/uploads\/2022\/11\/catalogue_configurations.webp 300w, \/wp-content\/uploads\/2022\/11\/catalogue_configurations.webp 768w, \/wp-content\/uploads\/2022\/11\/catalogue_configurations.webp 1536w, \/wp-content\/uploads\/2022\/11\/catalogue_configurations.webp 18w, \/wp-content\/uploads\/2022\/11\/catalogue_configurations.webp 500w, \/wp-content\/uploads\/2022\/11\/catalogue_configurations.webp 600w, \/wp-content\/uploads\/2022\/11\/catalogue_configurations.webp 2001w\" sizes=\"auto, (max-width: 1920px) 100vw, 1920px\" style=\"display: none;\">\n                <\/div>\n                <div class=\"blog-list-content\" style=\"padding-top: 0px;\">\n                    <h3 class=\"blog-list-post-title\"> INFORMATIONS SUR LES PROJETS R\u00c9ALIS\u00c9S <\/h3>\n                    <div class=\"blog-list-post-excerpt\">\n                        <p><\/p>\n                        <p>Nous fournissons des photos et des vid\u00e9os de projets de vitrage similaires r\u00e9alis\u00e9s par des distributeurs de syst\u00e8mes du monde entier, ainsi que des descriptions des configurations et des accessoires utilis\u00e9s pour donner un aper\u00e7u d\u00e9taill\u00e9 des composants du syst\u00e8me.<\/p>\n                        <p><\/p>\n                    <\/div>\n                    <a href=\"\/fr\/documents\/en\/pivot\/general\/PIVOT_2024_CATALOGUE_EN.pdf\/\" class=\"blog-list-link a-btn-arrow-2\"\n                        target=\"_blank\" style=\"margin-right: 10px;\">\n                        <span class=\"arrow-right\"><\/span>\n                        CATALOGUE PIVOT <\/a>\n                    <a href=\"\/fr\/documents\/en\/slide\/general\/SLIDE_2024_CATALOGUE_EN.pdf\/\" class=\"blog-list-link a-btn-arrow-2\" style=\"margin-top: 0px; margin-bottom: 10px;\"\n                        target=\"_blank\">\n                        <span class=\"arrow-right\"><\/span>\n                        CATALOGUE SLIDE <\/a>\n                <\/div>\n            <\/div>\n        <\/div>\n        <div class=\"blog-post col-xs-12  column_paralax my-margin1\">\n            <div class=\"prague-blog-list-wrapper\">\n                <div class=\"blog-list-img s-back-switch inverted-border-radius\"\n                    style=\"background-image: url('\/wp-content\/uploads\/2022\/11\/project_realisation.webp');\">\n                    <img decoding=\"async\" width=\"2000\" height=\"1373\" src=\"\/wp-content\/uploads\/2022\/11\/project_realisation.webp\" class=\"s-img-switch wp-post-image wp-post-image\" alt=\"\" loading=\"lazy\" srcset=\"\/wp-content\/uploads\/2022\/11\/project_realisation.webp 2000w, \/wp-content\/uploads\/2022\/11\/project_realisation.webp 1024w, \/wp-content\/uploads\/2022\/11\/project_realisation.webp 300w, \/wp-content\/uploads\/2022\/11\/project_realisation.webp 768w, \/wp-content\/uploads\/2022\/11\/project_realisation.webp 1536w, \/wp-content\/uploads\/2022\/11\/project_realisation.webp 18w, \/wp-content\/uploads\/2022\/11\/project_realisation.webp 600w, \/wp-content\/uploads\/2022\/11\/project_realisation.webp 500w, \/wp-content\/uploads\/2022\/11\/project_realisation.webp 2001w\" sizes=\"auto, (max-width: 2000px) 100vw, 2000px\" style=\"display: none;\">\n                    <\/div>\n                <div class=\"blog-list-content\" style=\"margin-right: auto;\">\n                    <h3 class=\"blog-list-post-title\"> ACCOMPAGNEMENT PENDANT LA PHASE DE MISE EN \u0152UVRE DU PROJET <\/h3>\n                    <div class=\"blog-list-post-excerpt\">\n                        <p><\/p>\n                        <p> Coordination avec les fabricants de syst\u00e8mes, suivi de la mise en \u0153uvre du projet conform\u00e9ment aux directives techniques de CLAROFLEX\u00ae et assistance pour la garantie et le service post-garantie. <\/p>\n                        <p><\/p>\n                    <\/div>\n                <\/div>\n            <\/div>\n        <\/div>\n        <div class=\"blog-post col-xs-12  column_paralax\">\n            <div class=\"prague-blog-list-wrapper\">\n                <div class=\"blog-list-img s-back-switch\"\n                    style=\"background-image: url('\/wp-content\/uploads\/2022\/11\/photographs_of_the_projects.webp');\">\n                    <img decoding=\"async\" width=\"2000\" height=\"1333\" src=\"\/wp-content\/uploads\/2022\/11\/photographs_of_the_projects.webp\" class=\"s-img-switch wp-post-image wp-post-image\" alt=\"\" loading=\"lazy\" srcset=\"\/wp-content\/uploads\/2022\/11\/photographs_of_the_projects.webp 2000w, \/wp-content\/uploads\/2022\/11\/photographs_of_the_projects.webp 1024w, \/wp-content\/uploads\/2022\/11\/photographs_of_the_projects.webp 300w, \/wp-content\/uploads\/2022\/11\/photographs_of_the_projects.webp 768w, \/wp-content\/uploads\/2022\/11\/photographs_of_the_projects.webp 1536w, \/wp-content\/uploads\/2022\/11\/photographs_of_the_projects.webp 18w, \/wp-content\/uploads\/2022\/11\/photographs_of_the_projects.webp 600w, \/wp-content\/uploads\/2022\/11\/photographs_of_the_projects.webp 500w, \/wp-content\/uploads\/2022\/11\/photographs_of_the_projects.webp 2001w\" sizes=\"auto, (max-width: 2000px) 100vw, 2000px\" style=\"display: none;\">\n                <\/div>\n                <div class=\"blog-list-content\">\n                    <h3 class=\"blog-list-post-title\">S\u00c9ANCES DE PHOTOS ET DE VID\u00c9OS DE PROJETS EN COLLABORATION<\/h3>\n                    <div class=\"blog-list-post-excerpt\">\n                        <p><\/p>\n                        <p> S\u00e9ances photos professionnelles des projets r\u00e9alis\u00e9s et leur placement ult\u00e9rieur dans des catalogues d'entreprises, dans des magazines et sur Internet, en indiquant l'auteur du projet. <\/p>\n                        <p><\/p>\n                    <\/div>\n                    <!--<a href=\"\/\"\n                        class=\"blog-list-link a-btn-arrow-2\" target=\"_self\">\n                        <span class=\"arrow-right\"><\/span>\n                        MAILCHIMP <\/a>-->\n                <\/div>\n            <\/div>\n        <\/div>\n    <\/div>\n<\/div>\n\n\t\t<\/div>\n\t<\/div>\n<\/div><\/div><\/div><\/div><div class=\"vc_row-full-width vc_clearfix\"><\/div><div class=\"vc_row wpb_row vc_row-fluid\"><div class=\"wpb_column vc_column_container vc_col-sm-2\"><div class=\"vc_column-inner\"><div class=\"wpb_wrapper\"><\/div><\/div><\/div><div class=\"wpb_column vc_column_container vc_col-sm-8\"><div class=\"vc_column-inner\"><div class=\"wpb_wrapper\">\n\t<div class=\"wpb_text_column wpb_content_element  vc_custom_1706860980108\" >\n\t\t<div class=\"wpb_wrapper\">\n\t\t\t<h3 style=\"text-align: center;\">CONTACTEZ-NOUS<\/h3>\n\n\t\t<\/div>\n\t<\/div>\n[vc_formidable form=&#8221;3&#8243; el_class=&#8221;form-contacto&#8221;]<div class=\"vc_empty_space\"   style=\"height: 2em\"><span class=\"vc_empty_space_inner\"><\/span><\/div><\/div><\/div><\/div><div class=\"wpb_column vc_column_container vc_col-sm-2\"><div class=\"vc_column-inner\"><div class=\"wpb_wrapper\"><\/div><\/div><\/div><\/div>\n<\/div>","protected":false},"excerpt":{"rendered":"WE INVITE DESIGNERS AND ARCHITECTS TO COOPERATE WITH US TERMS AND CONDITIONS OF COOPERATION Our cooperation terms are mutually beneficial,","protected":false},"author":1,"featured_media":0,"parent":0,"menu_order":0,"comment_status":"closed","ping_status":"closed","template":"","meta":{"footnotes":""},"class_list":["post-3586","page","type-page","status-publish","hentry"],"featured_image_src":"","featured_image_src_square":"","_links":{"self":[{"href":"https:\/\/dev.claroflex.com\/fr\/wp-json\/wp\/v2\/pages\/3586","targetHints":{"allow":["GET"]}}],"collection":[{"href":"https:\/\/dev.claroflex.com\/fr\/wp-json\/wp\/v2\/pages"}],"about":[{"href":"https:\/\/dev.claroflex.com\/fr\/wp-json\/wp\/v2\/types\/page"}],"author":[{"embeddable":true,"href":"https:\/\/dev.claroflex.com\/fr\/wp-json\/wp\/v2\/users\/1"}],"replies":[{"embeddable":true,"href":"https:\/\/dev.claroflex.com\/fr\/wp-json\/wp\/v2\/comments?post=3586"}],"version-history":[{"count":107,"href":"https:\/\/dev.claroflex.com\/fr\/wp-json\/wp\/v2\/pages\/3586\/revisions"}],"predecessor-version":[{"id":7628,"href":"https:\/\/dev.claroflex.com\/fr\/wp-json\/wp\/v2\/pages\/3586\/revisions\/7628"}],"wp:attachment":[{"href":"https:\/\/dev.claroflex.com\/fr\/wp-json\/wp\/v2\/media?parent=3586"}],"curies":[{"name":"wp","href":"https:\/\/api.w.org\/{rel}","templated":true}]}}