{"id":1599,"date":"2017-03-10T13:05:22","date_gmt":"2017-03-10T13:05:22","guid":{"rendered":"http:\/\/prague.foxthemes.me\/?page_id=1599"},"modified":"2025-09-15T12:14:14","modified_gmt":"2025-09-15T11:14:14","slug":"main-home","status":"publish","type":"page","link":"https:\/\/dev.claroflex.com\/pt\/","title":{"rendered":"Cerramientos de Cristal"},"content":{"rendered":"<div class=\"wpb-content-wrapper\"><div data-vc-full-width=\"true\" data-vc-full-width-init=\"false\" data-vc-stretch-content=\"true\" class=\"vc_row wpb_row vc_row-fluid vc_row-no-padding\"><div class=\"wpb_column vc_column_container vc_col-sm-12\"><div class=\"vc_column-inner\"><div class=\"wpb_wrapper\">[vc_banner_title style=&#8221;big&#8221; color_style=&#8221;light&#8221; title=&#8221;CLAROFLEX\u00ae FRAMELESS GLAZING SYSTEMS&#8221; img=&#8221;6229&#8243; button=&#8221;target:_blank&#8221; style_button=&#8221;creative&#8221; enable_overlay=&#8221;true&#8221; enable_fullheight=&#8221;true&#8221; el_class=&#8221;page-title&#8221; columns=&#8221;%5B%7B%7D%5D&#8221;]OPEN TO THE WORLD[\/vc_banner_title]\n\t<div class=\"wpb_raw_code wpb_content_element wpb_raw_html\" >\n\t\t<div class=\"wpb_wrapper\">\n\t\t\t<div id=\"main-products\"><\/div>\n\t\t<\/div>\n\t<\/div>\n<\/div><\/div><\/div><\/div><div class=\"vc_row-full-width vc_clearfix\"><\/div><div class=\"vc_row wpb_row vc_row-fluid  margin-lg-30t margin-sm-20t\"><div class=\"wpb_column vc_column_container vc_col-sm-12\"><div class=\"vc_column-inner\"><div class=\"wpb_wrapper\">[vc_projects_posts templates=&#8221;list&#8221; post_type=&#8221;projects&#8221; image_original_size=&#8221;full&#8221; color_figure=&#8221;#fe2833&#8243; button_link_class=&#8221;prague-services-link a-btn-2 simple&#8221; button_span_class=&#8221;a-btn-line&#8221; posts_per_page=&#8221;4&#8243;]<\/div><\/div><\/div><\/div><div class=\"vc_row wpb_row vc_row-fluid  margin-lg-10t margin-lg-145b margin-sm-70b\"><div class=\"wpb_column vc_column_container vc_col-sm-12\"><div class=\"vc_column-inner\"><div class=\"wpb_wrapper\">\n\t<div class=\"wpb_text_column wpb_content_element  vc_custom_1652342877825\" >\n\t\t<div class=\"wpb_wrapper\">\n\t\t\t<h3>CLAROFLEX\u00ae DURANTE TODO O ANO:<\/h3>\n\n\t\t<\/div>\n\t<\/div>\n[vc_testimonials autoplay=&#8221;6000&#8243; speed=&#8221;2000&#8243; loop=&#8221;true&#8221;][vc_testimonials_items name=&#8221;Winter&#8221; description=&#8221;<\/p>\n<h3>1<\/h3>\n<p>Todas as pe\u00e7as s\u00e3o feitas de materiais de alta qualidade, resistentes que n\u00e3o se deterioram quando s\u00e3o expostas \u00e0 humidade e temperaturas extremas.<\/p>\n<h3>2<\/h3>\n<p>When closed, the panels fit tightly together, providing reliable protection against rain, wind and snow.&#8221;][vc_testimonials_items name=&#8221;Spring&#8221; description=&#8221;<\/p>\n<h3>1<\/h3>\n<p>A porta oferece uma posi\u00e7\u00e3o  para ventila\u00e7\u00e3o que garante um ambiente confort\u00e1vel no interior do espa\u00e7o envidra\u00e7ado.<\/p>\n<h3>2<\/h3>\n<p>All metallic parts have an anti-corrosion coating to prevent premature wear and tear and improve the lifespan.&#8221;][vc_testimonials_items name=&#8221;Summer&#8221; description=&#8221;<\/p>\n<h3>1<\/h3>\n<p>O mosquiteiro plissado pode ser instalado em ambos os lados da abertura, para oferecer uma protec\u00e7\u00e3o fi\u00e1vel contra os insectos.<\/p>\n<h3>2<\/h3>\n<p>Our systems can be opened fully, by moving all of the the panels into the &#8216;parking area&#8217; or you can choose to open as much or as little as you want, to create the perfect setting.&#8221;][vc_testimonials_items name=&#8221;Autumn&#8221; description=&#8221;<\/p>\n<h3>1<\/h3>\n<p>Com a possibilidade de criar um espa\u00e7o aconchegante com aquecedores nos meses mais frios.<\/p>\n<h3>2<\/h3>\n<p>By adding a glazed area to your outside space, you will keep leaves and dust out, meaning your room will stay clean for longer as well as adding and extra room to your house to enjoy even when the weather gets colder.&#8221;][\/vc_testimonials]<\/div><\/div><\/div><\/div><div data-vc-full-width=\"true\" data-vc-full-width-init=\"false\" class=\"vc_row wpb_row vc_row-fluid\"><div class=\"wpb_column vc_column_container vc_col-sm-12\"><div class=\"vc_column-inner\"><div class=\"wpb_wrapper\"><div class=\"avt_masterslider_el\" >\n\t\t<!-- MasterSlider -->\n\t\t<div id=\"P_MS6a026fb89be6a\" class=\"master-slider-parent msl masterslider1desktop  ms-parent-id-1\" style=\"max-width:1200px;\">\n\n\t\t\t\n\t\t\t<!-- MasterSlider Main -->\n\t\t\t<div id=\"MS6a026fb89be6a\" class=\"master-slider ms-skin-default\" >\n\t\t\t\t \t\t\t\t \n\t\t\t\t<div  class=\"ms-slide\" data-delay=\"3\" data-fill-mode=\"fill\"  >\n\t\t\t\t\t<img decoding=\"async\" src=\"https:\/\/dev.claroflex.com\/wp-content\/plugins\/master-slider\/public\/assets\/css\/blank.gif\" alt=\"\" title=\"\" data-src=\"https:\/\/dev.claroflex.com\/wp-content\/uploads\/2022\/10\/claroflex_pivot_swimming_pool_outdoor_garden_1-1200x738.webp\">\n\n\n\t<img decoding=\"async\" class=\"ms-thumb\" src=\"https:\/\/dev.claroflex.com\/wp-content\/uploads\/2022\/10\/claroflex_pivot_swimming_pool_outdoor_garden_1-140x80.webp\" alt=\"\">\n\t<div class=\"ms-thumb\" ><div class=\"ms-tab-context\"><div class=\"&quot;ms-tab-context&quot;\"><\/div><\/div>\n<\/div>\n\t\t\t\t<\/div>\n\t\t\t\t<div  class=\"ms-slide\" data-delay=\"3\" data-fill-mode=\"fill\"  >\n\t\t\t\t\t<img decoding=\"async\" src=\"https:\/\/dev.claroflex.com\/wp-content\/plugins\/master-slider\/public\/assets\/css\/blank.gif\" alt=\"CERRAMIENTO, CORTINA, CORREDERA, CRISTAL, HORIZONTAL, TERRAZA, ABATIBLE, PUERTA, CIERRES, ALUMINIO, PLEGABLE, INTERIORES, TRANSPARENTE, COCINA, EXTERIOR, INTERIOR, CIERRE, PORCHE, BALC\u00d3N, VIDRIO, CASAS, EXTERIORES, SIN PERFILES, SIN GU\u00cdA, ACR\u00cdLICO, PISCINA, JARD\u00cdN\" title=\"\" data-src=\"https:\/\/dev.claroflex.com\/wp-content\/uploads\/2022\/11\/claroflex_pivot_swimming_pool_outdoor_garden_2.webp\" \/>\n\n\n\t<img decoding=\"async\" class=\"ms-thumb\" src=\"https:\/\/dev.claroflex.com\/wp-content\/uploads\/2022\/11\/claroflex_pivot_swimming_pool_outdoor_garden_2-140x80.webp\" alt=\"CERRAMIENTO, CORTINA, CORREDERA, CRISTAL, HORIZONTAL, TERRAZA, ABATIBLE, PUERTA, CIERRES, ALUMINIO, PLEGABLE, INTERIORES, TRANSPARENTE, COCINA, EXTERIOR, INTERIOR, CIERRE, PORCHE, BALC\u00d3N, VIDRIO, CASAS, EXTERIORES, SIN PERFILES, SIN GU\u00cdA, ACR\u00cdLICO, PISCINA, JARD\u00cdN\" \/>\n\t<div class=\"ms-thumb\" ><div class=\"ms-tab-context\"><div class=\"&quot;ms-tab-context&quot;\"><\/div><\/div>\n<\/div>\n\t\t\t\t<\/div>\n\t\t\t\t<div  class=\"ms-slide\" data-delay=\"3\" data-fill-mode=\"fill\"  >\n\t\t\t\t\t<img decoding=\"async\" src=\"https:\/\/dev.claroflex.com\/wp-content\/plugins\/master-slider\/public\/assets\/css\/blank.gif\" alt=\"\" title=\"\" data-src=\"https:\/\/dev.claroflex.com\/wp-content\/uploads\/2022\/10\/claroflex_pivot_swimming_pool_outdoor_garden_3-1200x738.webp\">\n\n\n\t<img decoding=\"async\" class=\"ms-thumb\" src=\"https:\/\/dev.claroflex.com\/wp-content\/uploads\/2022\/10\/claroflex_pivot_swimming_pool_outdoor_garden_3-140x80.webp\" alt=\"\">\n\t<div class=\"ms-thumb\" ><div class=\"ms-tab-context\"><div class=\"&quot;ms-tab-context&quot;\"><\/div><\/div>\n<\/div>\n\t\t\t\t<\/div>\n\t\t\t\t<div  class=\"ms-slide\" data-delay=\"3\" data-fill-mode=\"fill\"  >\n\t\t\t\t\t<img decoding=\"async\" src=\"https:\/\/dev.claroflex.com\/wp-content\/plugins\/master-slider\/public\/assets\/css\/blank.gif\" alt=\"\" title=\"\" data-src=\"https:\/\/dev.claroflex.com\/wp-content\/uploads\/2022\/10\/claroflex_pivot_swimming_pool_outdoor_garden_4-1200x738.webp\">\n\n\n\t<img decoding=\"async\" class=\"ms-thumb\" src=\"https:\/\/dev.claroflex.com\/wp-content\/uploads\/2022\/10\/claroflex_pivot_swimming_pool_outdoor_garden_4-140x80.webp\" alt=\"\">\n\t<div class=\"ms-thumb\" ><div class=\"ms-tab-context\"><div class=\"&quot;ms-tab-context&quot;\"><\/div><\/div>\n<\/div>\n\t\t\t\t<\/div>\n\t\t\t\t<div  class=\"ms-slide\" data-delay=\"3\" data-fill-mode=\"fill\"  >\n\t\t\t\t\t<img decoding=\"async\" src=\"https:\/\/dev.claroflex.com\/wp-content\/plugins\/master-slider\/public\/assets\/css\/blank.gif\" alt=\"\" title=\"\" data-src=\"https:\/\/dev.claroflex.com\/wp-content\/uploads\/2022\/10\/claroflex_pivot_swimming_pool_outdoor_garden_5-1200x738.webp\">\n\n\n\t<img decoding=\"async\" class=\"ms-thumb\" src=\"https:\/\/dev.claroflex.com\/wp-content\/uploads\/2022\/10\/claroflex_pivot_swimming_pool_outdoor_garden_5-140x80.webp\" alt=\"\">\n\t<div class=\"ms-thumb\" ><div class=\"ms-tab-context\"><div class=\"&quot;ms-tab-context&quot;\"><\/div><\/div>\n<\/div>\n\t\t\t\t<\/div>\n\t\t\t\t<div  class=\"ms-slide\" data-delay=\"3\" data-fill-mode=\"fill\"  >\n\t\t\t\t\t<img decoding=\"async\" src=\"https:\/\/dev.claroflex.com\/wp-content\/plugins\/master-slider\/public\/assets\/css\/blank.gif\" alt=\"\" title=\"\" data-src=\"https:\/\/dev.claroflex.com\/wp-content\/uploads\/2022\/10\/claroflex_pivot_swimming_pool_outdoor_garden_6-1200x738.webp\">\n\n\n\t<img decoding=\"async\" class=\"ms-thumb\" src=\"https:\/\/dev.claroflex.com\/wp-content\/uploads\/2022\/10\/claroflex_pivot_swimming_pool_outdoor_garden_6-140x80.webp\" alt=\"\">\n\t<div class=\"ms-thumb\" ><div class=\"ms-tab-context\"><div class=\"&quot;ms-tab-context&quot;\"><\/div><\/div>\n<\/div>\n\t\t\t\t<\/div>\n\t\t\t\t<div  class=\"ms-slide\" data-delay=\"3\" data-fill-mode=\"fill\"  >\n\t\t\t\t\t<img decoding=\"async\" src=\"https:\/\/dev.claroflex.com\/wp-content\/plugins\/master-slider\/public\/assets\/css\/blank.gif\" alt=\"\" title=\"\" data-src=\"https:\/\/dev.claroflex.com\/wp-content\/uploads\/2022\/10\/claroflex_pivot_swimming_pool_outdoor_garden_7-1200x738.webp\">\n\n\n\t<img decoding=\"async\" class=\"ms-thumb\" src=\"https:\/\/dev.claroflex.com\/wp-content\/uploads\/2022\/10\/claroflex_pivot_swimming_pool_outdoor_garden_7-140x80.webp\" alt=\"\">\n\t<div class=\"ms-thumb\" ><div class=\"ms-tab-context\"><div class=\"&quot;ms-tab-context&quot;\"><\/div><\/div>\n<\/div>\n\t\t\t\t<\/div>\n\n\t\t\t<\/div>\n\t\t\t<!-- END MasterSlider Main -->\n\n\t\t\t \n\t\t<\/div>\n\t\t<!-- END MasterSlider -->\n\n\t\t<script>\n\t\t(function ( $ ) {\n\t\t\t\"use strict\";\n\n\t\t\t$(function () {\n\t\t\t\tvar masterslider_be6a = new MasterSlider();\n\n\t\t\t\t\/\/ slider controls\n\t\t\t\tmasterslider_be6a.control('bullets'    ,{ autohide:false, overVideo:true, dir:'h', align:'bottom' , margin:10  });\n\n\t\t\t\tmasterslider_be6a.control('thumblist'  ,{ autohide:false, overVideo:true, dir:'v', speed:17, inset:false, arrows:false, hover:false, customClass:'', align:'right',type:'thumbs', margin:35, width:140, height:80, space:5, fillMode:'fill'  });\n\t\t\t\t\/\/ slider setup\n\t\t\t\tmasterslider_be6a.setup(\"MS6a026fb89be6a\", {\n\t\t\t\t\t\twidth           : 1200,\n\t\t\t\t\t\theight          : 738,\n\t\t\t\t\t\tminHeight       : 0,\n\t\t\t\t\t\tspace           : 0,\n\t\t\t\t\t\tstart           : 1,\n\t\t\t\t\t\tgrabCursor      : true,\n\t\t\t\t\t\tswipe           : true,\n\t\t\t\t\t\tmouse           : true,\n\t\t\t\t\t\tlayout          : \"boxed\",\n\t\t\t\t\t\twheel           : false,\n\t\t\t\t\t\tautoplay        : true,\n\t\t\t\t\t\tinstantStartLayers:false,\n\t\t\t\t\t\tloop            : true,\n\t\t\t\t\t\tshuffle         : false,\n\t\t\t\t\t\tpreload         : 0,\n\t\t\t\t\t\theightLimit     : true,\n\t\t\t\t\t\tautoHeight      : true,\n\t\t\t\t\t\tsmoothHeight    : true,\n\t\t\t\t\t\tendPause        : false,\n\t\t\t\t\t\toverPause       : true,\n\t\t\t\t\t\tfillMode        : \"fill\",\n\t\t\t\t\t\tcenterControls  : true,\n\t\t\t\t\t\tstartOnAppear   : false,\n\t\t\t\t\t\tlayersMode      : \"center\",\n\t\t\t\t\t\thideLayers      : false,\n\t\t\t\t\t\tfullscreenMargin: 0,\n\t\t\t\t\t\tspeed           : 20,\n\t\t\t\t\t\tdir             : \"h\",\n\t\t\t\t\t\tparallaxMode    : 'swipe',\n\t\t\t\t\t\tview            : \"basic\"\n\t\t\t\t});\n\n\t\t\t\t\n\t\t\t\twindow.masterslider_instances = window.masterslider_instances || [];\n\t\t\t\twindow.masterslider_instances.push( masterslider_be6a );\n\t\t\t });\n\n\t\t})(jQuery);\n\t\t<\/script>\n\n<\/div><\/div><\/div><\/div><\/div><div class=\"vc_row-full-width vc_clearfix\"><\/div><div class=\"vc_row wpb_row vc_row-fluid home-carrusel-mobile\"><div class=\"wpb_column vc_column_container vc_col-sm-12\"><div class=\"vc_column-inner\"><div class=\"wpb_wrapper\">\n\t\t\t<!-- START Home mobile REVOLUTION SLIDER 6.6.20 --><p class=\"rs-p-wp-fix\"><\/p>\n\t\t\t<rs-module-wrap id=\"rev_slider_28_1_wrapper\" data-source=\"gallery\" style=\"visibility:hidden;background:rgba(38,41,43,0);padding:0;margin:0px auto;margin-top:0;margin-bottom:0;\">\n\t\t\t\t<rs-module id=\"rev_slider_28_1\" style=\"\" data-version=\"6.6.20\">\n\t\t\t\t\t<rs-slides style=\"overflow: hidden; position: absolute;\">\n\t\t\t\t\t\t<rs-slide style=\"position: absolute;\" data-key=\"rs-217\" data-title=\"1\" data-anim=\"adpr:false;\" data-in=\"o:0;\" data-out=\"a:false;\" data-p1=\"HTML5 Video\">\n\t\t\t\t\t\t\t<img decoding=\"async\" src=\"\/\/dev.claroflex.com\/wp-content\/plugins\/revslider\/public\/assets\/assets\/dummy.png\" alt=\"CERRAMIENTO, CORTINA, CORREDERA, CRISTAL, HORIZONTAL, TERRAZA, ABATIBLE, PUERTA, CIERRES, ALUMINIO, PLEGABLE, INTERIORES, TRANSPARENTE, COCINA, EXTERIOR, INTERIOR, CIERRE, PORCHE, BALC\u00d3N, VIDRIO, CASAS, EXTERIORES, SIN PERFILES, SIN GU\u00cdA, ACR\u00cdLICO, PISCINA, JARD\u00cdN\" title=\"claroflex_pivot_swimming_pool_outdoor_garden_1\" width=\"1586\" height=\"1002\" class=\"rev-slidebg tp-rs-img rs-lazyload\" data-lazyload=\"\/\/dev.claroflex.com\/wp-content\/uploads\/2022\/10\/claroflex_pivot_swimming_pool_outdoor_garden_1.webp\" data-no-retina>\n<!---->\t\t\t\t\t\t<\/rs-slide>\n\t\t\t\t\t\t<rs-slide style=\"position: absolute;\" data-key=\"rs-218\" data-title=\"2 \" data-anim=\"adpr:false;\" data-in=\"o:0;\" data-out=\"a:false;\" data-p1=\"Vimeo Video\">\n\t\t\t\t\t\t\t<img decoding=\"async\" src=\"\/\/dev.claroflex.com\/wp-content\/plugins\/revslider\/public\/assets\/assets\/dummy.png\" alt=\"CERRAMIENTO, CORTINA, CORREDERA, CRISTAL, HORIZONTAL, TERRAZA, ABATIBLE, PUERTA, CIERRES, ALUMINIO, PLEGABLE, INTERIORES, TRANSPARENTE, COCINA, EXTERIOR, INTERIOR, CIERRE, PORCHE, BALC\u00d3N, VIDRIO, CASAS, EXTERIORES, SIN PERFILES, SIN GU\u00cdA, ACR\u00cdLICO, PISCINA, JARD\u00cdN\" title=\"claroflex_pivot_swimming_pool_outdoor_garden_2\" width=\"960\" height=\"607\" class=\"rev-slidebg tp-rs-img rs-lazyload\" data-lazyload=\"\/\/dev.claroflex.com\/wp-content\/uploads\/2022\/11\/claroflex_pivot_swimming_pool_outdoor_garden_2.webp\" data-no-retina>\n<!---->\t\t\t\t\t\t<\/rs-slide>\n\t\t\t\t\t\t<rs-slide style=\"position: absolute;\" data-key=\"rs-219\" data-title=\"3\" data-anim=\"adpr:false;\" data-in=\"o:0;\" data-out=\"a:false;\" data-p1=\"Youtube Video\">\n\t\t\t\t\t\t\t<img decoding=\"async\" src=\"\/\/dev.claroflex.com\/wp-content\/plugins\/revslider\/public\/assets\/assets\/dummy.png\" alt=\"CERRAMIENTO, CORTINA, CORREDERA, CRISTAL, HORIZONTAL, TERRAZA, ABATIBLE, PUERTA, CIERRES, ALUMINIO, PLEGABLE, INTERIORES, TRANSPARENTE, COCINA, EXTERIOR, INTERIOR, CIERRE, PORCHE, BALC\u00d3N, VIDRIO, CASAS, EXTERIORES, SIN PERFILES, SIN GU\u00cdA, ACR\u00cdLICO, PISCINA, JARD\u00cdN\" title=\"claroflex_pivot_swimming_pool_outdoor_garden_3\" width=\"1586\" height=\"1002\" class=\"rev-slidebg tp-rs-img rs-lazyload\" data-lazyload=\"\/\/dev.claroflex.com\/wp-content\/uploads\/2022\/10\/claroflex_pivot_swimming_pool_outdoor_garden_3.webp\" data-no-retina>\n<!---->\t\t\t\t\t\t<\/rs-slide>\n\t\t\t\t\t\t<rs-slide style=\"position: absolute;\" data-key=\"rs-220\" data-title=\"4\" data-anim=\"adpr:false;\" data-in=\"o:0;\" data-out=\"a:false;\" data-p1=\"Vimeo Video\">\n\t\t\t\t\t\t\t<img decoding=\"async\" src=\"\/\/dev.claroflex.com\/wp-content\/plugins\/revslider\/public\/assets\/assets\/dummy.png\" alt=\"CERRAMIENTO, CORTINA, CORREDERA, CRISTAL, HORIZONTAL, TERRAZA, ABATIBLE, PUERTA, CIERRES, ALUMINIO, PLEGABLE, INTERIORES, TRANSPARENTE, COCINA, EXTERIOR, INTERIOR, CIERRE, PORCHE, BALC\u00d3N, VIDRIO, CASAS, EXTERIORES, SIN PERFILES, SIN GU\u00cdA, ACR\u00cdLICO, PISCINA, JARD\u00cdN\" title=\"claroflex_pivot_swimming_pool_outdoor_garden_4\" width=\"1586\" height=\"1002\" class=\"rev-slidebg tp-rs-img rs-lazyload\" data-lazyload=\"\/\/dev.claroflex.com\/wp-content\/uploads\/2022\/10\/claroflex_pivot_swimming_pool_outdoor_garden_4.webp\" data-no-retina>\n<!---->\t\t\t\t\t\t<\/rs-slide>\n\t\t\t\t\t\t<rs-slide style=\"position: absolute;\" data-key=\"rs-221\" data-title=\"5\" data-anim=\"adpr:false;\" data-in=\"o:0;\" data-out=\"a:false;\" data-p1=\"HTML5 Video\">\n\t\t\t\t\t\t\t<img decoding=\"async\" src=\"\/\/dev.claroflex.com\/wp-content\/plugins\/revslider\/public\/assets\/assets\/dummy.png\" alt=\"CERRAMIENTO, CORTINA, CORREDERA, CRISTAL, HORIZONTAL, TERRAZA, ABATIBLE, PUERTA, CIERRES, ALUMINIO, PLEGABLE, INTERIORES, TRANSPARENTE, COCINA, EXTERIOR, INTERIOR, CIERRE, PORCHE, BALC\u00d3N, VIDRIO, CASAS, EXTERIORES, SIN PERFILES, SIN GU\u00cdA, ACR\u00cdLICO, PISCINA, JARD\u00cdN\" title=\"claroflex_pivot_swimming_pool_outdoor_garden_5\" width=\"1586\" height=\"1002\" class=\"rev-slidebg tp-rs-img rs-lazyload\" data-lazyload=\"\/\/dev.claroflex.com\/wp-content\/uploads\/2022\/10\/claroflex_pivot_swimming_pool_outdoor_garden_5.webp\" data-no-retina>\n<!---->\t\t\t\t\t\t<\/rs-slide>\n\t\t\t\t\t\t<rs-slide style=\"position: absolute;\" data-key=\"rs-222\" data-title=\"6\" data-anim=\"adpr:false;\" data-in=\"o:0;\" data-out=\"a:false;\" data-p1=\"Regular Image\">\n\t\t\t\t\t\t\t<img decoding=\"async\" src=\"\/\/dev.claroflex.com\/wp-content\/plugins\/revslider\/public\/assets\/assets\/dummy.png\" alt=\"CERRAMIENTO, CORTINA, CORREDERA, CRISTAL, HORIZONTAL, TERRAZA, ABATIBLE, PUERTA, CIERRES, ALUMINIO, PLEGABLE, INTERIORES, TRANSPARENTE, COCINA, EXTERIOR, INTERIOR, CIERRE, PORCHE, BALC\u00d3N, VIDRIO, CASAS, EXTERIORES, SIN PERFILES, SIN GU\u00cdA, ACR\u00cdLICO, PISCINA, JARD\u00cdN\" title=\"claroflex_pivot_swimming_pool_outdoor_garden_6\" width=\"1586\" height=\"1002\" class=\"rev-slidebg tp-rs-img rs-lazyload\" data-lazyload=\"\/\/dev.claroflex.com\/wp-content\/uploads\/2022\/10\/claroflex_pivot_swimming_pool_outdoor_garden_6.webp\" data-no-retina>\n<!---->\t\t\t\t\t\t<\/rs-slide>\n\t\t\t\t\t\t<rs-slide style=\"position: absolute;\" data-key=\"rs-223\" data-title=\"7\" data-anim=\"adpr:false;\" data-in=\"o:0;\" data-out=\"a:false;\" data-p1=\"Regular Image\">\n\t\t\t\t\t\t\t<img decoding=\"async\" src=\"\/\/dev.claroflex.com\/wp-content\/plugins\/revslider\/public\/assets\/assets\/dummy.png\" alt=\"CERRAMIENTO, CORTINA, CORREDERA, CRISTAL, HORIZONTAL, TERRAZA, ABATIBLE, PUERTA, CIERRES, ALUMINIO, PLEGABLE, INTERIORES, TRANSPARENTE, COCINA, EXTERIOR, INTERIOR, CIERRE, PORCHE, BALC\u00d3N, VIDRIO, CASAS, EXTERIORES, SIN PERFILES, SIN GU\u00cdA, ACR\u00cdLICO, PISCINA, JARD\u00cdN\" title=\"claroflex_pivot_swimming_pool_outdoor_garden_7\" width=\"1586\" height=\"1001\" class=\"rev-slidebg tp-rs-img rs-lazyload\" data-lazyload=\"\/\/dev.claroflex.com\/wp-content\/uploads\/2022\/10\/claroflex_pivot_swimming_pool_outdoor_garden_7.webp\" data-no-retina>\n<!---->\t\t\t\t\t\t<\/rs-slide>\n\t\t\t\t\t<\/rs-slides>\n\t\t\t\t<\/rs-module>\n\t\t\t\t<script>\n\t\t\t\t\tsetREVStartSize({c: 'rev_slider_28_1',rl:[1240,1024,778,480],el:[738],gw:[1200],gh:[738],type:'carousel',justify:'',layout:'fullwidth',mh:\"0\"});if (window.RS_MODULES!==undefined && window.RS_MODULES.modules!==undefined && window.RS_MODULES.modules[\"revslider281\"]!==undefined) {window.RS_MODULES.modules[\"revslider281\"].once = false;window.revapi28 = undefined;if (window.RS_MODULES.checkMinimal!==undefined) window.RS_MODULES.checkMinimal()}\n\t\t\t\t<\/script>\n\t\t\t<\/rs-module-wrap>\n\t\t\t<!-- END REVOLUTION SLIDER -->\n<\/div><\/div><\/div><\/div><div class=\"vc_row wpb_row vc_row-fluid\"><div class=\"title_elements wpb_column vc_column_container vc_col-sm-12\"><div class=\"vc_column-inner\"><div class=\"wpb_wrapper\">\n\t<div class=\"wpb_text_column wpb_content_element\" >\n\t\t<div class=\"wpb_wrapper\">\n\t\t\t<h3 style=\"text-align: center; font-weight: normal;\">TRABALHE CONOSCO:<\/h3>\n\n\t\t<\/div>\n\t<\/div>\n<\/div><\/div><\/div><\/div><div class=\"vc_row wpb_row vc_row-fluid main-colaboration margin-top-10px\"><div class=\"wpb_column vc_column_container vc_col-sm-4\"><div class=\"vc_column-inner\"><div class=\"wpb_wrapper\">[vc_pricing style=&#8221;featured_image&#8221; image=&#8221;6175&#8243; title=&#8221;Resellers&#8221; button=&#8221;url:%2Fprojects-item%2Fdealers-and-distributors%2F|title:MORE%20INFORMATION&#8221; button_style=&#8221;arrow&#8221; button_link_class=&#8221;prague-pricing-link a-btn-arrow-2&#8243; button_span_class=&#8221;arrow-right&#8221;]and aluminium distribution companies.[\/vc_pricing]<\/div><\/div><\/div><div class=\"wpb_column vc_column_container vc_col-sm-4\"><div class=\"vc_column-inner\"><div class=\"wpb_wrapper\">[vc_pricing style=&#8221;featured_image&#8221; image=&#8221;6173&#8243; title=&#8221;Construction companies&#8221; button=&#8221;url:%2Fconstruction-and-contractor-organizations%2F|title:MORE%20INFORMATION&#8221; button_style=&#8221;arrow&#8221; button_link_class=&#8221;prague-pricing-link a-btn-arrow-2&#8243; button_span_class=&#8221;arrow-right&#8221;]and building material suppliers.[\/vc_pricing]<\/div><\/div><\/div><div class=\"wpb_column vc_column_container vc_col-sm-4\"><div class=\"vc_column-inner\"><div class=\"wpb_wrapper\">[vc_pricing style=&#8221;featured_image&#8221; image=&#8221;6174&#8243; title=&#8221;Interior designers&#8221; button=&#8221;url:%2Fdesigners-and-architects%2F|title:MORE%20INFORMATION&#8221; button_style=&#8221;arrow&#8221; button_link_class=&#8221;prague-pricing-link a-btn-arrow-2&#8243; button_span_class=&#8221;arrow-right&#8221;]architects and planning offices.[\/vc_pricing]<\/div><\/div><\/div><\/div><div class=\"vc_row wpb_row vc_row-fluid margin-bottom-3em diplay-flex-aling-center-main  margin-xs-15b\"><div class=\"center-img-main-data wpb_column vc_column_container vc_col-sm-6\"><div class=\"vc_column-inner\"><div class=\"wpb_wrapper\">\n\t<div  class=\"wpb_single_image wpb_content_element vc_align_left   hide-img-main\">\n\t\t\n\t\t<figure class=\"wpb_wrapper vc_figure\">\n\t\t\t<div class=\"vc_single_image-wrapper   vc_box_border_grey\"><img loading=\"lazy\" decoding=\"async\" width=\"570\" height=\"388\" src=\"https:\/\/dev.claroflex.com\/wp-content\/uploads\/2022\/10\/claroflex_brand_pt.webp\" class=\"vc_single_image-img attachment-full\" alt=\"CERRAMIENTO, CORTINA, CORREDERA, CRISTAL, HORIZONTAL, TERRAZA, ABATIBLE, PUERTA, CIERRES, ALUMINIO, PLEGABLE, INTERIORES, TRANSPARENTE, COCINA, EXTERIOR, INTERIOR, CIERRE, PORCHE, BALC\u00d3N, VIDRIO, CASAS, EXTERIORES, SIN PERFILES, SIN GU\u00cdA, ACR\u00cdLICO\" title=\"claroflex_brand_en\" srcset=\"https:\/\/dev.claroflex.com\/wp-content\/uploads\/2022\/10\/claroflex_brand_pt.webp 570w, https:\/\/dev.claroflex.com\/wp-content\/uploads\/2022\/10\/claroflex_brand_pt-300x204.webp 300w, https:\/\/dev.claroflex.com\/wp-content\/uploads\/2022\/10\/claroflex_brand_pt-18x12.webp 18w, https:\/\/dev.claroflex.com\/wp-content\/uploads\/2022\/10\/claroflex_brand_pt-500x340.webp 500w\" sizes=\"auto, (max-width: 570px) 100vw, 570px\" \/><\/div>\n\t\t<\/figure>\n\t<\/div>\n\n\t<div  class=\"wpb_single_image wpb_content_element vc_align_left   show-img-main-mobile\">\n\t\t\n\t\t<figure class=\"wpb_wrapper vc_figure\">\n\t\t\t<div class=\"vc_single_image-wrapper   vc_box_border_grey\"><img loading=\"lazy\" decoding=\"async\" width=\"570\" height=\"388\" src=\"https:\/\/dev.claroflex.com\/wp-content\/uploads\/2022\/10\/claroflex_brand_pt.webp\" class=\"vc_single_image-img attachment-full\" alt=\"CERRAMIENTO, CORTINA, CORREDERA, CRISTAL, HORIZONTAL, TERRAZA, ABATIBLE, PUERTA, CIERRES, ALUMINIO, PLEGABLE, INTERIORES, TRANSPARENTE, COCINA, EXTERIOR, INTERIOR, CIERRE, PORCHE, BALC\u00d3N, VIDRIO, CASAS, EXTERIORES, SIN PERFILES, SIN GU\u00cdA, ACR\u00cdLICO\" title=\"claroflex_brand_en\" srcset=\"https:\/\/dev.claroflex.com\/wp-content\/uploads\/2022\/10\/claroflex_brand_pt.webp 570w, https:\/\/dev.claroflex.com\/wp-content\/uploads\/2022\/10\/claroflex_brand_pt-300x204.webp 300w, https:\/\/dev.claroflex.com\/wp-content\/uploads\/2022\/10\/claroflex_brand_pt-18x12.webp 18w, https:\/\/dev.claroflex.com\/wp-content\/uploads\/2022\/10\/claroflex_brand_pt-500x340.webp 500w\" sizes=\"auto, (max-width: 570px) 100vw, 570px\" \/><\/div>\n\t\t<\/figure>\n\t<\/div>\n<\/div><\/div><\/div><div class=\"personalized-main-text-bottom wpb_column vc_column_container vc_col-sm-6\"><div class=\"vc_column-inner vc_custom_1654677128572\"><div class=\"wpb_wrapper\">[vc_pricing style=&#8221;featured_image&#8221; title=&#8221;CLAROFLEX\u00ae BRAND&#8221; button=&#8221;url:%2Fcompany%2F|title:MORE%20INFORMATION&#8221; el_class=&#8221;home-block-brand&#8221; button_style=&#8221;arrow&#8221; button_link_class=&#8221;prague-pricing-link a-btn-arrow-2&#8243; button_span_class=&#8221;arrow-right&#8221;]Our company develops, manufactures and distributes bespoke aluminium glazing systems and has over <span style=\"color: red;\">9,800<\/span> installations worldwide. We have a presence in cities all over the world.<\/p>\n<p>Our integrated customer approach and the high quality of the materials used, make our products stand out from other systems on the market.[\/vc_pricing]<\/div><\/div><\/div><\/div>\n<\/div>","protected":false},"excerpt":{"rendered":"[vc_banner_title style=\"big\" color_style=\"light\" title=\"CLAROFLEX\u00ae FRAMELESS GLAZING SYSTEMS\" img=\"6229\" button=\"target:_blank\" style_button=\"creative\" enable_overlay=\"true\" enable_fullheight=\"true\" el_class=\"page-title\" columns=\"%5B%7B%7D%5D\"]OPEN TO THE WORLD[\/vc_banner_title] [vc_projects_posts templates=\"list\" post_type=\"projects\"","protected":false},"author":1,"featured_media":0,"parent":0,"menu_order":0,"comment_status":"closed","ping_status":"closed","template":"","meta":{"footnotes":""},"class_list":["post-1599","page","type-page","status-publish","hentry"],"featured_image_src":"","featured_image_src_square":"","_links":{"self":[{"href":"https:\/\/dev.claroflex.com\/pt\/wp-json\/wp\/v2\/pages\/1599","targetHints":{"allow":["GET"]}}],"collection":[{"href":"https:\/\/dev.claroflex.com\/pt\/wp-json\/wp\/v2\/pages"}],"about":[{"href":"https:\/\/dev.claroflex.com\/pt\/wp-json\/wp\/v2\/types\/page"}],"author":[{"embeddable":true,"href":"https:\/\/dev.claroflex.com\/pt\/wp-json\/wp\/v2\/users\/1"}],"replies":[{"embeddable":true,"href":"https:\/\/dev.claroflex.com\/pt\/wp-json\/wp\/v2\/comments?post=1599"}],"version-history":[{"count":222,"href":"https:\/\/dev.claroflex.com\/pt\/wp-json\/wp\/v2\/pages\/1599\/revisions"}],"predecessor-version":[{"id":8131,"href":"https:\/\/dev.claroflex.com\/pt\/wp-json\/wp\/v2\/pages\/1599\/revisions\/8131"}],"wp:attachment":[{"href":"https:\/\/dev.claroflex.com\/pt\/wp-json\/wp\/v2\/media?parent=1599"}],"curies":[{"name":"wp","href":"https:\/\/api.w.org\/{rel}","templated":true}]}}